{"id":413,"date":"2025-12-24T02:35:26","date_gmt":"2025-12-24T02:35:26","guid":{"rendered":"http:\/\/rpi-webserver.local\/sites\/diegoluzarte\/?page_id=413"},"modified":"2025-12-25T22:51:11","modified_gmt":"2025-12-25T22:51:11","slug":"413-2","status":"publish","type":"page","link":"https:\/\/www.diegoluzarte.com\/?page_id=413","title":{"rendered":"Sale"},"content":{"rendered":"\n<div class=\"wp-block-group alignfull has-custom-orange-background-color has-background has-global-padding is-layout-constrained wp-container-core-group-is-layout-9c009a54 wp-block-group-is-layout-constrained\" style=\"margin-top:0;margin-bottom:0;padding-top:0px;padding-right:10px;padding-bottom:0px;padding-left:10px\">\n<div style=\"height:150px\" aria-hidden=\"true\" class=\"wp-block-spacer\"><\/div>\n\n\n\n<h2 data-wp-context---core-fit-text=\"core\/fit-text::{&quot;fontSize&quot;:&quot;&quot;}\" data-wp-init---core-fit-text=\"core\/fit-text::callbacks.init\" data-wp-interactive data-wp-style--font-size=\"core\/fit-text::context.fontSize\" class=\"wp-block-heading alignwide has-text-align-center has-fit-text has-custom-white-color has-text-color has-link-color wp-elements-3be1237e6b8da7e1e790f93a6a3efdf6\" id=\"available\" style=\"font-style:normal;font-weight:1000;letter-spacing:-4px;line-height:0.9;text-transform:uppercase\">Available artworks<\/h2>\n\n\n\n<h2 data-wp-context---core-fit-text=\"core\/fit-text::{&quot;fontSize&quot;:&quot;&quot;}\" data-wp-init---core-fit-text=\"core\/fit-text::callbacks.init\" data-wp-interactive data-wp-style--font-size=\"core\/fit-text::context.fontSize\" class=\"wp-block-heading alignwide has-text-align-center has-fit-text has-custom-white-color has-text-color has-link-color wp-elements-34679cfd04a36714fc2e3e8a4737063a\" style=\"font-style:normal;font-weight:1000;letter-spacing:-4px;line-height:0.9;text-transform:uppercase\">Obras disponibles<\/h2>\n\n\n\n<div style=\"height:50px\" aria-hidden=\"true\" class=\"wp-block-spacer\"><\/div>\n\n\n\n<p class=\"has-text-align-center has-custom-white-color has-text-color has-link-color wp-elements-2296134b6e1352c4e40f24494ef92719\">If you are interested in a commissioned amazing painting it will be a pleasure to serve and hear your personal wishes.<br><br>Si est\u00e1 interesado en encargar una pintura incre\u00edble, ser\u00e1 un placer atenderlo y escuchar sus deseos personales.<\/p>\n\n\n\n<div style=\"height:50px\" aria-hidden=\"true\" class=\"wp-block-spacer\"><\/div>\n<\/div>\n\n\n\n<div class=\"wp-block-group alignfull has-custom-orange-background-color has-background is-vertical is-layout-flex wp-container-core-group-is-layout-cb3820b2 wp-block-group-is-layout-flex\" style=\"margin-top:0px;margin-bottom:0px;padding-top:0px;padding-bottom:0px\">\n<div class=\"wp-block-query is-layout-flow wp-block-query-is-layout-flow\"><ul class=\"columns-3 wp-block-post-template is-layout-grid wp-container-core-post-template-is-layout-6d3fbd8f wp-block-post-template-is-layout-grid\"><li class=\"wp-block-post post-508 post type-post status-publish format-standard hentry category-venta\">\n<div class=\"entry-content wp-block-post-content is-layout-flow wp-block-post-content-is-layout-flow\">\n<div class=\"wp-block-group is-vertical is-layout-flex wp-container-core-group-is-layout-bea5d061 wp-block-group-is-layout-flex\" style=\"margin-top:0px;margin-bottom:0px;padding-top:0px;padding-right:var(--wp--preset--spacing--30);padding-bottom:0px;padding-left:var(--wp--preset--spacing--30)\">\n<div class=\"wp-block-group has-global-padding is-layout-constrained wp-container-core-group-is-layout-19e250f3 wp-block-group-is-layout-constrained\">\n<div style=\"height:75px\" aria-hidden=\"true\" class=\"wp-block-spacer\"><\/div>\n<\/div>\n\n\n\n<figure class=\"wp-block-image size-large\" style=\"margin-top:0px\"><img decoding=\"async\" src=\"http:\/\/www.diegoluzarte.com\/wp\/wp-content\/uploads\/2025\/12\/bethoven.png\" alt=\"\"\/><\/figure>\n\n\n\n<div style=\"height:0px\" aria-hidden=\"true\" class=\"wp-block-spacer wp-container-content-16d1eb73\"><\/div>\n\n\n<h2 style=\"font-style:normal;font-weight:1000;text-transform:uppercase;\" class=\"wp-block-post-title has-x-large-font-size\">Obra 5<\/h2>\n\n\n<div style=\"height:0px\" aria-hidden=\"true\" class=\"wp-block-spacer wp-container-content-16d1eb73\"><\/div>\n\n\n\n<div class=\"wp-block-group has-global-padding is-layout-constrained wp-block-group-is-layout-constrained\">\n<p class=\"has-small-font-size\" style=\"line-height:1\"><strong>T\u00c9CNICA<\/strong><\/p>\n\n\n\n<ul style=\"line-height:1\" class=\"wp-block-list\">\n<li class=\"has-small-font-size\">\u00d3leo y acr\u00edlico sobre tela.<\/li>\n<\/ul>\n\n\n\n<p class=\"has-small-font-size\" style=\"line-height:1\"><strong>DIMENSIONS\/DIMENSIONES<\/strong><\/p>\n\n\n\n<ul class=\"wp-block-list\">\n<li class=\"has-small-font-size\" style=\"line-height:1\">1.35 X 1.40 Metros<\/li>\n\n\n\n<li class=\"has-small-font-size\" style=\"line-height:1\">53.1 x 55.1 Inches<\/li>\n<\/ul>\n\n\n\n<p class=\"has-small-font-size\" style=\"line-height:1\"><strong>PRICE\/PRECIO<\/strong><\/p>\n\n\n\n<ul class=\"wp-block-list\">\n<li class=\"has-small-font-size\" style=\"line-height:1\">$ 5,500.00 USD.<\/li>\n<\/ul>\n<\/div>\n<\/div>\n<\/div>\n<\/li><li class=\"wp-block-post post-485 post type-post status-publish format-standard hentry category-venta\">\n<div class=\"entry-content wp-block-post-content is-layout-flow wp-block-post-content-is-layout-flow\">\n<div class=\"wp-block-group is-vertical is-layout-flex wp-container-core-group-is-layout-bea5d061 wp-block-group-is-layout-flex\" style=\"margin-top:0px;margin-bottom:0px;padding-top:0px;padding-right:var(--wp--preset--spacing--30);padding-bottom:0px;padding-left:var(--wp--preset--spacing--30)\">\n<div class=\"wp-block-group has-global-padding is-layout-constrained wp-container-core-group-is-layout-19e250f3 wp-block-group-is-layout-constrained\">\n<div style=\"height:75px\" aria-hidden=\"true\" class=\"wp-block-spacer\"><\/div>\n<\/div>\n\n\n\n<figure class=\"wp-block-image size-large\" style=\"margin-top:0px\"><img decoding=\"async\" src=\"http:\/\/www.diegoluzarte.com\/wp\/wp-content\/uploads\/2025\/12\/diegoluz_general30_fin.png\" alt=\"\"\/><\/figure>\n\n\n\n<div style=\"height:0px\" aria-hidden=\"true\" class=\"wp-block-spacer wp-container-content-16d1eb73\"><\/div>\n\n\n<h2 style=\"font-style:normal;font-weight:1000;text-transform:uppercase;\" class=\"wp-block-post-title has-x-large-font-size\">Obra 4<\/h2>\n\n\n<div style=\"height:0px\" aria-hidden=\"true\" class=\"wp-block-spacer wp-container-content-16d1eb73\"><\/div>\n\n\n\n<div class=\"wp-block-group has-global-padding is-layout-constrained wp-block-group-is-layout-constrained\">\n<p class=\"has-small-font-size\" style=\"line-height:1\"><strong>T\u00c9CNICA<\/strong><\/p>\n\n\n\n<ul style=\"line-height:1\" class=\"wp-block-list\">\n<li class=\"has-small-font-size\">\u00d3leo y acr\u00edlico sobre tela.<\/li>\n<\/ul>\n\n\n\n<p class=\"has-small-font-size\" style=\"line-height:1\"><strong>DIMENSIONS\/DIMENSIONES<\/strong><\/p>\n\n\n\n<ul class=\"wp-block-list\">\n<li class=\"has-small-font-size\" style=\"line-height:1\">1.35 X 1.40 Metros<\/li>\n\n\n\n<li class=\"has-small-font-size\" style=\"line-height:1\">53.1 x 55.1 Inches<\/li>\n<\/ul>\n\n\n\n<p class=\"has-small-font-size\" style=\"line-height:1\"><strong>PRICE\/PRECIO<\/strong><\/p>\n\n\n\n<ul class=\"wp-block-list\">\n<li class=\"has-small-font-size\" style=\"line-height:1\">$ 5,500.00 USD.<\/li>\n<\/ul>\n<\/div>\n<\/div>\n<\/div>\n<\/li><li class=\"wp-block-post post-411 post type-post status-publish format-standard hentry category-venta\">\n<div class=\"entry-content wp-block-post-content is-layout-flow wp-block-post-content-is-layout-flow\">\n<div class=\"wp-block-group is-vertical is-layout-flex wp-container-core-group-is-layout-bea5d061 wp-block-group-is-layout-flex\" style=\"margin-top:0px;margin-bottom:0px;padding-top:0px;padding-right:var(--wp--preset--spacing--30);padding-bottom:0px;padding-left:var(--wp--preset--spacing--30)\">\n<div class=\"wp-block-group has-global-padding is-layout-constrained wp-container-core-group-is-layout-19e250f3 wp-block-group-is-layout-constrained\">\n<div style=\"height:75px\" aria-hidden=\"true\" class=\"wp-block-spacer\"><\/div>\n<\/div>\n\n\n\n<figure class=\"wp-block-image size-large\" style=\"margin-top:0px\"><img decoding=\"async\" src=\"http:\/\/www.diegoluzarte.com\/wp\/wp-content\/uploads\/2025\/12\/diegoluz_general1_fin.png\" alt=\"\"\/><\/figure>\n\n\n\n<div style=\"height:0px\" aria-hidden=\"true\" class=\"wp-block-spacer wp-container-content-16d1eb73\"><\/div>\n\n\n<h2 style=\"font-style:normal;font-weight:1000;text-transform:uppercase;\" class=\"wp-block-post-title has-x-large-font-size\">Obra 3<\/h2>\n\n\n<div style=\"height:0px\" aria-hidden=\"true\" class=\"wp-block-spacer wp-container-content-16d1eb73\"><\/div>\n\n\n\n<div class=\"wp-block-group has-global-padding is-layout-constrained wp-block-group-is-layout-constrained\">\n<p class=\"has-small-font-size\" style=\"line-height:1\"><strong>T\u00c9CNICA<\/strong><\/p>\n\n\n\n<ul style=\"line-height:1\" class=\"wp-block-list\">\n<li class=\"has-small-font-size\">\u00d3leo y acr\u00edlico sobre tela.<\/li>\n<\/ul>\n\n\n\n<p class=\"has-small-font-size\" style=\"line-height:1\"><strong>DIMENSIONS\/DIMENSIONES<\/strong><\/p>\n\n\n\n<ul class=\"wp-block-list\">\n<li class=\"has-small-font-size\" style=\"line-height:1\">1.35 X 1.40 Metros<\/li>\n\n\n\n<li class=\"has-small-font-size\" style=\"line-height:1\">53.1 x 55.1 Inches<\/li>\n<\/ul>\n\n\n\n<p class=\"has-small-font-size\" style=\"line-height:1\"><strong>PRICE\/PRECIO<\/strong><\/p>\n\n\n\n<ul class=\"wp-block-list\">\n<li class=\"has-small-font-size\" style=\"line-height:1\">$ 5,500.00 USD.<\/li>\n<\/ul>\n<\/div>\n<\/div>\n<\/div>\n<\/li><li class=\"wp-block-post post-365 post type-post status-publish format-standard hentry category-venta\">\n<div class=\"entry-content wp-block-post-content is-layout-flow wp-block-post-content-is-layout-flow\">\n<div class=\"wp-block-group is-vertical is-layout-flex wp-container-core-group-is-layout-bea5d061 wp-block-group-is-layout-flex\" style=\"margin-top:0px;margin-bottom:0px;padding-top:0px;padding-right:var(--wp--preset--spacing--30);padding-bottom:0px;padding-left:var(--wp--preset--spacing--30)\">\n<div class=\"wp-block-group has-global-padding is-layout-constrained wp-container-core-group-is-layout-19e250f3 wp-block-group-is-layout-constrained\">\n<div style=\"height:75px\" aria-hidden=\"true\" class=\"wp-block-spacer\"><\/div>\n<\/div>\n\n\n\n<figure class=\"wp-block-image size-large\" style=\"margin-top:0px\"><img decoding=\"async\" src=\"http:\/\/www.diegoluzarte.com\/wp\/wp-content\/uploads\/2025\/12\/diegoluz_regular51A_fin-1.jpg\" alt=\"\"\/><\/figure>\n\n\n\n<div style=\"height:0px\" aria-hidden=\"true\" class=\"wp-block-spacer wp-container-content-16d1eb73\"><\/div>\n\n\n<h2 style=\"font-style:normal;font-weight:1000;text-transform:uppercase;\" class=\"wp-block-post-title has-x-large-font-size\">Obra 2<\/h2>\n\n\n<div style=\"height:0px\" aria-hidden=\"true\" class=\"wp-block-spacer wp-container-content-16d1eb73\"><\/div>\n\n\n\n<div class=\"wp-block-group has-global-padding is-layout-constrained wp-block-group-is-layout-constrained\">\n<p class=\"has-small-font-size\" style=\"line-height:1\"><strong>T\u00c9CNICA<\/strong><\/p>\n\n\n\n<ul style=\"line-height:1\" class=\"wp-block-list\">\n<li class=\"has-small-font-size\">\u00d3leo y acr\u00edlico sobre tela.<\/li>\n<\/ul>\n\n\n\n<p class=\"has-small-font-size\" style=\"line-height:1\"><strong>DIMENSIONS\/DIMENSIONES<\/strong><\/p>\n\n\n\n<ul class=\"wp-block-list\">\n<li class=\"has-small-font-size\" style=\"line-height:1\">1.35 X 1.40 Metros<\/li>\n\n\n\n<li class=\"has-small-font-size\" style=\"line-height:1\">53.1 x 55.1 Inches<\/li>\n<\/ul>\n\n\n\n<p class=\"has-small-font-size\" style=\"line-height:1\"><strong>PRICE\/PRECIO<\/strong><\/p>\n\n\n\n<ul class=\"wp-block-list\">\n<li class=\"has-small-font-size\" style=\"line-height:1\">$ 5,500.00 USD.<\/li>\n<\/ul>\n<\/div>\n<\/div>\n<\/div>\n<\/li><li class=\"wp-block-post post-362 post type-post status-publish format-standard hentry category-venta\">\n<div class=\"entry-content wp-block-post-content is-layout-flow wp-block-post-content-is-layout-flow\">\n<div class=\"wp-block-group is-vertical is-layout-flex wp-container-core-group-is-layout-bea5d061 wp-block-group-is-layout-flex\" style=\"margin-top:0px;margin-bottom:0px;padding-top:0px;padding-right:var(--wp--preset--spacing--30);padding-bottom:0px;padding-left:var(--wp--preset--spacing--30)\">\n<div class=\"wp-block-group has-global-padding is-layout-constrained wp-container-core-group-is-layout-19e250f3 wp-block-group-is-layout-constrained\">\n<div style=\"height:75px\" aria-hidden=\"true\" class=\"wp-block-spacer\"><\/div>\n<\/div>\n\n\n\n<figure class=\"wp-block-image size-large\" style=\"margin-top:0px\"><img decoding=\"async\" src=\"http:\/\/www.diegoluzarte.com\/wp\/wp-content\/uploads\/2025\/12\/diegoluz_general_g1_fin.png\" alt=\"\"\/><\/figure>\n\n\n\n<div style=\"height:0px\" aria-hidden=\"true\" class=\"wp-block-spacer wp-container-content-16d1eb73\"><\/div>\n\n\n<h2 style=\"font-style:normal;font-weight:1000;text-transform:uppercase;\" class=\"wp-block-post-title has-x-large-font-size\">Obra 1<\/h2>\n\n\n<div style=\"height:0px\" aria-hidden=\"true\" class=\"wp-block-spacer wp-container-content-16d1eb73\"><\/div>\n\n\n\n<div class=\"wp-block-group has-global-padding is-layout-constrained wp-block-group-is-layout-constrained\">\n<p class=\"has-small-font-size\" style=\"line-height:1\"><strong>T\u00c9CNICA<\/strong><\/p>\n\n\n\n<ul style=\"line-height:1\" class=\"wp-block-list\">\n<li class=\"has-small-font-size\">\u00d3leo y acr\u00edlico sobre tela.<\/li>\n<\/ul>\n\n\n\n<p class=\"has-small-font-size\" style=\"line-height:1\"><strong>DIMENSIONS\/DIMENSIONES<\/strong><\/p>\n\n\n\n<ul class=\"wp-block-list\">\n<li class=\"has-small-font-size\" style=\"line-height:1\">1.35 X 1.40 Metros<\/li>\n\n\n\n<li class=\"has-small-font-size\" style=\"line-height:1\">53.1 x 55.1 Inches<\/li>\n<\/ul>\n\n\n\n<p class=\"has-small-font-size\" style=\"line-height:1\"><strong>PRICE\/PRECIO<\/strong><\/p>\n\n\n\n<ul class=\"wp-block-list\">\n<li class=\"has-small-font-size\" style=\"line-height:1\">$ 5,500.00 USD.<\/li>\n<\/ul>\n<\/div>\n<\/div>\n<\/div>\n<\/li><\/ul>\n\n\n\n<\/div>\n\n\n\n<div style=\"height:0px\" aria-hidden=\"true\" class=\"wp-block-spacer wp-container-content-88a6062c\"><\/div>\n<\/div>\n","protected":false},"excerpt":{"rendered":"<p>Available artworks Obras disponibles If you are interested in a commissioned amazing painting it will be a pleasure to serve and hear your personal wishes. Si est\u00e1 interesado en encargar una pintura incre\u00edble, ser\u00e1 un placer atenderlo y escuchar sus deseos personales.<\/p>\n","protected":false},"author":1,"featured_media":0,"parent":0,"menu_order":0,"comment_status":"closed","ping_status":"closed","template":"page-no-title","meta":{"footnotes":""},"class_list":["post-413","page","type-page","status-publish","hentry"],"_links":{"self":[{"href":"https:\/\/www.diegoluzarte.com\/index.php?rest_route=\/wp\/v2\/pages\/413","targetHints":{"allow":["GET"]}}],"collection":[{"href":"https:\/\/www.diegoluzarte.com\/index.php?rest_route=\/wp\/v2\/pages"}],"about":[{"href":"https:\/\/www.diegoluzarte.com\/index.php?rest_route=\/wp\/v2\/types\/page"}],"author":[{"embeddable":true,"href":"https:\/\/www.diegoluzarte.com\/index.php?rest_route=\/wp\/v2\/users\/1"}],"replies":[{"embeddable":true,"href":"https:\/\/www.diegoluzarte.com\/index.php?rest_route=%2Fwp%2Fv2%2Fcomments&post=413"}],"version-history":[{"count":25,"href":"https:\/\/www.diegoluzarte.com\/index.php?rest_route=\/wp\/v2\/pages\/413\/revisions"}],"predecessor-version":[{"id":546,"href":"https:\/\/www.diegoluzarte.com\/index.php?rest_route=\/wp\/v2\/pages\/413\/revisions\/546"}],"wp:attachment":[{"href":"https:\/\/www.diegoluzarte.com\/index.php?rest_route=%2Fwp%2Fv2%2Fmedia&parent=413"}],"curies":[{"name":"wp","href":"https:\/\/api.w.org\/{rel}","templated":true}]}}